{"id":830,"date":"2011-12-24T14:45:07","date_gmt":"2011-12-24T12:45:07","guid":{"rendered":"http:\/\/robert.kolatzek.org\/wblog\/?page_id=830"},"modified":"2011-12-24T14:45:07","modified_gmt":"2011-12-24T12:45:07","slug":"lieblingsgeschichten-aus-der-bibel","status":"publish","type":"page","link":"https:\/\/blog.kolatzek.org\/wblog\/lieblingsgeschichten-aus-der-bibel","title":{"rendered":"Lieblingsgeschichten aus der Bibel"},"content":{"rendered":"<p>Die Bibel ist ein Schatz voller &#8222;M\u00e4rchen&#8220; und &#8222;Legenden&#8220;, die w\u00f6rtlich geglaubt werden k\u00f6nnen oder als Geschichten f\u00fcr eine besondere Idee genommen werden k\u00f6nnen.<\/p>\n<p>F\u00fcr Gott ist nichts unm\u00f6glich. So kann Jona wirklich drei Tage im Bauch des Fisches \u00fcberlebt haben&#8230; Aber vielleicht ging es um die Zeit der erzwungenen Einsamkeit, um auf den Ruf Gottes zu antworten.<\/p>\n<p>Wenn einem also M\u00e4rchen ausgehen, kann man Kindern Bibelgeschichten erz\u00e4hlen. Auch sie haben einen p\u00e4dagogischen Wert.<\/p>\n<p><!--more--><\/p>\n<p>Kain und Abel <a href=\"http:\/\/www.uibk.ac.at\/theol\/leseraum\/bibel\/gen4.html\">Gen 4,1-15:<\/a> Aus Neid kann man zu allem f\u00e4hig sein.<\/p>\n<p>Noha <a href=\"http:\/\/www.uibk.ac.at\/theol\/leseraum\/bibel\/gen8.html#21\">Gen 6-8<\/a>: Jeder tr\u00e4gt die Verantwortung f\u00fcr seine Sch\u00f6pfung. Sie zu vernichten, wenn etwas nicht passt, ist keine L\u00f6sung des Problems. Das &#8222;sieht&#8220; Gott ein, weshalb es auch hei\u00dft &#8222;&#8230;es reute ihn&#8230;&#8220;<\/p>\n<p>Abraham verhandelt mit Gott um Sodom <a href=\"http:\/\/www.uibk.ac.at\/theol\/leseraum\/bibel\/gen18.html#20\">Gen 18,20-32<\/a>: Gott l\u00e4sst mit sich handeln &#8211; auch wenn er es gar nicht n\u00f6tig h\u00e4tte (ein Zeichen seiner Gr\u00f6\u00dfe und Barmherzigkeit). Doch meistens beh\u00e4lt er Recht.Versuchen kann man trotzdem.<\/p>\n<p>Lot wird aus Sodom und Gomorra gerettet, seine Frau verwandelt sich in Salzs\u00e4ule <a href=\"http:\/\/www.uibk.ac.at\/theol\/leseraum\/bibel\/gen19.html\">Gen 19<\/a>: Wenn man schon von Gott gerettet werden will, sollte man auch ihm bedingungslos folgen. (Oder: Kinder m\u00fcssen nicht verstehen, warum&#8230; Es reicht meist, auf die Eltern zu h\u00f6ren.)<\/p>\n<p>Jakob (Esau, Lea und Rahel) <a href=\"http:\/\/www.uibk.ac.at\/theol\/leseraum\/bibel\/gen27.html\">Gen 27 Gen 29<\/a>: Auch wenn man trickst und unfair ist, h\u00e4lt Gott einem die Treue. Man soll aber keine Fairness erwarten! (Und noch was: Die Frauen k\u00f6nnen &#8211; genauso wie M\u00e4nner &#8211; hinterlistig sein.)<\/p>\n<p>Jakob (k\u00e4mpft mit dem Engel) <a href=\"http:\/\/www.uibk.ac.at\/theol\/leseraum\/bibel\/gen32.html\">Gen 32<\/a>: Es gibt Begegnungen vor denen man Angst hat. Man tr\u00e4umt sogar, man k\u00e4mpft mit jemandem. Wenn man den Mut nicht verliert, bekommt man von Gott einen Segen mit auf den Weg.<\/p>\n<p>Jona <a href=\"http:\/\/www.uibk.ac.at\/theol\/leseraum\/bibel\/jona1.html\">Jona 1,1- 2,11<\/a>: Man kann vor der Aufgabe, die Gott einem stellt, fl\u00fcchten &#8211; aber nicht entfliehen.<\/p>\n<p>Jona <a href=\"http:\/\/www.uibk.ac.at\/theol\/leseraum\/bibel\/jona4.html\">Jona 4,1-11<\/a>: Wenn andere oder Gott verzeihen k\u00f6nnen, sollte man es auch tun. Oder: Wir f\u00fchlen oft falsch behandelt &#8211; auch von Gott. (Jona wird ja vom Fisch &#8222;entf\u00fchrt&#8220; und die b\u00f6sen Bewohner Ninives entkommen einfach so ihrer Vernichtung.) Aber was brint es, sich dar\u00fcber aufzuregen? Man wird nur neidisch.<\/p>\n<p>David und Goliat <a href=\"http:\/\/www.uibk.ac.at\/theol\/leseraum\/bibel\/1sam17.html\">1. Sam 17<\/a>: Gr\u00f6\u00dfe kann einem einen Schreck einjagen. Doch wenn man K\u00f6pfchen und Gottvertrauen hat, kann man auch einen Riesen bezwingen. (Andererseits sollte man bei aller \u00dcberlegenheit immer bescheiden bleiben, um den Gegner nicht zu untersch\u00e4tzen!)<\/p>\n<p>Judith und Holofernes <a href=\"http:\/\/www.uibk.ac.at\/theol\/leseraum\/bibel\/jdt11.html\">Jdt 11-13<\/a>: Ein unfairer Kampf &#8211; w\u00fcrde ein Mann sagen. Frauen k\u00f6nnen auch Helden sein! Man muss nur abwarten, bis der Tyrann sich zu sicher f\u00fchlen. (Die <a href=\"http:\/\/de.wikipedia.org\/wiki\/Ultima_Ratio\">Ultima Ratio<\/a> ist aber nur dann erlaubt, wenn die zivile Bev\u00f6lkerung leidet und kein anderes Mittel zur Beseitigung gefunden werden kann!)<\/p>\n<p>Jesus und die blutende Frau <a href=\"http:\/\/www.uibk.ac.at\/theol\/leseraum\/bibel\/mk5.html#24\">Mk 5,25-34<\/a>: Der Heilung geht immer ein Wagnis voraus. Wenn man einen Wunsch an Gott hat, muss man an seine Macht voll und ganz glauben und bereit sein, auch das Gegenteil zu erleben. Alles auf eine Karte setzen, statt Plan B zu entwickeln. (Die Frau h\u00e4tte f\u00fcr ihre Tat gesteinigt werden k\u00f6nnen und muss nicht schlecht gezittert haben als Jesus diese besondere Ber\u00fchrung bemerkte und \u00f6ffentlich ansprach.)<\/p>\n<p>Die Geschichte von Jesus und der Besessenen (Maria aus Magdala \/ Magdalena) <a href=\"http:\/\/www.uibk.ac.at\/theol\/leseraum\/bibel\/joh20.html#14\">Joh 20,14<\/a>: Nicht Petrus oder Maria sehen den auferstandenen Jesus als erste. Es ist schon verwunderlich, dass Gott sich immer den &#8222;Falschen&#8220; offenbart: den Hirten bei der Geburt, einer Frau und nicht dem Petrus (dem Fels der Kirche) bei der Auferstehung.<\/p>\n<p>Man kann auch ein Christ sein ohne Christus zu kennen <a href=\"http:\/\/www.uibk.ac.at\/theol\/leseraum\/bibel\/1joh4.html#7\">1 Joh 4,7-8<\/a>: Man kann nicht Gott kennen und nicht lieben. Man kann aber sehr wohl &#8222;Gott&#8220; nicht kennen und lieben. &#8222;<a href=\"http:\/\/de.wikiquote.org\/wiki\/Augustinus_von_Hippo\">Liebe und tu was du willst.<\/a>&#8220; &#8211; sagt dazu der Hl. Augustinus<\/p>\n<!-- PMB print buttons is only displayed on a single post\/page URLs-->","protected":false},"excerpt":{"rendered":"<p>Die Bibel ist ein Schatz voller &#8222;M\u00e4rchen&#8220; und &#8222;Legenden&#8220;, die w\u00f6rtlich geglaubt werden k\u00f6nnen oder als Geschichten f\u00fcr eine besondere Idee genommen werden k\u00f6nnen. F\u00fcr Gott ist nichts unm\u00f6glich. So kann Jona wirklich drei Tage im Bauch des Fisches \u00fcberlebt haben&#8230; Aber vielleicht ging es um die Zeit der erzwungenen Einsamkeit, um auf den Ruf [&hellip;]<\/p>\n","protected":false},"author":2,"featured_media":0,"parent":0,"menu_order":0,"comment_status":"open","ping_status":"open","template":"","meta":{"_sitemap_exclude":false,"_sitemap_priority":"","_sitemap_frequency":"","ocean_post_layout":"","ocean_both_sidebars_style":"","ocean_both_sidebars_content_width":0,"ocean_both_sidebars_sidebars_width":0,"ocean_sidebar":"","ocean_second_sidebar":"","ocean_disable_margins":"enable","ocean_add_body_class":"","ocean_shortcode_before_top_bar":"","ocean_shortcode_after_top_bar":"","ocean_shortcode_before_header":"","ocean_shortcode_after_header":"","ocean_has_shortcode":"","ocean_shortcode_after_title":"","ocean_shortcode_before_footer_widgets":"","ocean_shortcode_after_footer_widgets":"","ocean_shortcode_before_footer_bottom":"","ocean_shortcode_after_footer_bottom":"","ocean_display_top_bar":"default","ocean_display_header":"default","ocean_header_style":"","ocean_center_header_left_menu":"","ocean_custom_header_template":"","ocean_custom_logo":0,"ocean_custom_retina_logo":0,"ocean_custom_logo_max_width":0,"ocean_custom_logo_tablet_max_width":0,"ocean_custom_logo_mobile_max_width":0,"ocean_custom_logo_max_height":0,"ocean_custom_logo_tablet_max_height":0,"ocean_custom_logo_mobile_max_height":0,"ocean_header_custom_menu":"","ocean_menu_typo_font_family":"","ocean_menu_typo_font_subset":"","ocean_menu_typo_font_size":0,"ocean_menu_typo_font_size_tablet":0,"ocean_menu_typo_font_size_mobile":0,"ocean_menu_typo_font_size_unit":"px","ocean_menu_typo_font_weight":"","ocean_menu_typo_font_weight_tablet":"","ocean_menu_typo_font_weight_mobile":"","ocean_menu_typo_transform":"","ocean_menu_typo_transform_tablet":"","ocean_menu_typo_transform_mobile":"","ocean_menu_typo_line_height":0,"ocean_menu_typo_line_height_tablet":0,"ocean_menu_typo_line_height_mobile":0,"ocean_menu_typo_line_height_unit":"","ocean_menu_typo_spacing":0,"ocean_menu_typo_spacing_tablet":0,"ocean_menu_typo_spacing_mobile":0,"ocean_menu_typo_spacing_unit":"","ocean_menu_link_color":"","ocean_menu_link_color_hover":"","ocean_menu_link_color_active":"","ocean_menu_link_background":"","ocean_menu_link_hover_background":"","ocean_menu_link_active_background":"","ocean_menu_social_links_bg":"","ocean_menu_social_hover_links_bg":"","ocean_menu_social_links_color":"","ocean_menu_social_hover_links_color":"","ocean_disable_title":"default","ocean_disable_heading":"default","ocean_post_title":"","ocean_post_subheading":"","ocean_post_title_style":"","ocean_post_title_background_color":"","ocean_post_title_background":0,"ocean_post_title_bg_image_position":"","ocean_post_title_bg_image_attachment":"","ocean_post_title_bg_image_repeat":"","ocean_post_title_bg_image_size":"","ocean_post_title_height":0,"ocean_post_title_bg_overlay":0.5,"ocean_post_title_bg_overlay_color":"","ocean_disable_breadcrumbs":"default","ocean_breadcrumbs_color":"","ocean_breadcrumbs_separator_color":"","ocean_breadcrumbs_links_color":"","ocean_breadcrumbs_links_hover_color":"","ocean_display_footer_widgets":"default","ocean_display_footer_bottom":"default","ocean_custom_footer_template":"","footnotes":""},"categories":[],"tags":[],"class_list":["post-830","page","type-page","status-publish","hentry","entry"],"_links":{"self":[{"href":"https:\/\/blog.kolatzek.org\/wblog\/wp-json\/wp\/v2\/pages\/830","targetHints":{"allow":["GET"]}}],"collection":[{"href":"https:\/\/blog.kolatzek.org\/wblog\/wp-json\/wp\/v2\/pages"}],"about":[{"href":"https:\/\/blog.kolatzek.org\/wblog\/wp-json\/wp\/v2\/types\/page"}],"author":[{"embeddable":true,"href":"https:\/\/blog.kolatzek.org\/wblog\/wp-json\/wp\/v2\/users\/2"}],"replies":[{"embeddable":true,"href":"https:\/\/blog.kolatzek.org\/wblog\/wp-json\/wp\/v2\/comments?post=830"}],"version-history":[{"count":0,"href":"https:\/\/blog.kolatzek.org\/wblog\/wp-json\/wp\/v2\/pages\/830\/revisions"}],"wp:attachment":[{"href":"https:\/\/blog.kolatzek.org\/wblog\/wp-json\/wp\/v2\/media?parent=830"}],"wp:term":[{"taxonomy":"category","embeddable":true,"href":"https:\/\/blog.kolatzek.org\/wblog\/wp-json\/wp\/v2\/categories?post=830"},{"taxonomy":"post_tag","embeddable":true,"href":"https:\/\/blog.kolatzek.org\/wblog\/wp-json\/wp\/v2\/tags?post=830"}],"curies":[{"name":"wp","href":"https:\/\/api.w.org\/{rel}","templated":true}]}}