{"id":381,"date":"2009-04-18T18:11:53","date_gmt":"2009-04-18T16:11:53","guid":{"rendered":"http:\/\/robert.kolatzek.org\/wblog\/?page_id=381"},"modified":"2024-04-29T23:38:19","modified_gmt":"2024-04-29T21:38:19","slug":"quatschkopf","status":"publish","type":"page","link":"https:\/\/blog.kolatzek.org\/wblog\/sinn-sucht-verstand\/quatschkopf","title":{"rendered":"Quatschkopf"},"content":{"rendered":"<p style=\"text-align: center;\"><em>Ein ziemlich junger Kerl (so 2 Jahre alt) hat unbewusst meinen Namen zum Programm dieser Seite gemacht. Deshalb m\u00f6chte ich die &#8222;allerbesten&#8220; St\u00fccke (auch fremde) hier zusammenbringen. Es handelt sich hierbei um echten Quatsch!<br \/><\/em><\/p>\n<p><em>&#8212;-<br \/><\/em><\/p>\n<p>Was ist Social-Mailing? Du schreibst eine E-Mail und deine Freundin liest dabei mit ;-)<\/p>\n<p>&#8212;-<\/p>\n<p>Die Trag\u00f6die der M\u00e4nner besteht darin, dass sie sich in die Verona verlieben und die Alice heiraten, obwohl sie derselben Frau treu geblieben sind. (<em>Analogie<\/em>)<\/p>\n<p>&#8212;-<\/p>\n<p>Auszug aus dem Buch &#8222;Hochzeit in ihrer geschichtlichen Entwicklung&#8220;<\/p>\n<ol>\n<li>Seit Christentum: Ein Sakrament, welches man mehrfach im Leben empfangen darf, vorausgesetzt, man ist auf der Beerdigung des Ehegatten anwesend.<\/li>\n<li>Seit M. Luther wird es als emp\u00f6rend und nicht mehr zeitgem\u00e4\u00df empfunden&#8230; Die Notwendigkeit einer Beerdigung wird abgeschafft.<\/li>\n<li>Hochzeit heute: Eine lose Aneinanderreihung sinnentleerter Symbole gehalten in Wei\u00df (oder gar rosa)<\/li>\n<\/ol>\n<p>Damit in Zusammenhang stehend der Begriff &#8222;Scheidung&#8220;<\/p>\n<ul>\n<li>Ein juristische Versuch, zu beweisen, dass man &#8222;das mit dem Tod&#8220; \u00fcberh\u00f6rt hat.<\/li>\n<\/ul>\n<p>&#8212;-<\/p>\n<p>In Zeiten der Rettungsschirme und der Staatsb\u00fcrgschaften hat der B\u00fcrger nur 2 M\u00f6glichkeiten, wie er sein Geld los wird:<\/p>\n<ol>\n<li>Den Staat machen lassen, wenig Geld ausgeben (=Steuern) und daf\u00fcr nichts bekommen<\/li>\n<li>Mehr Geld ausgeben und diese Firmen retten, indem man bei Ihnen einkauft (auch wenn man die Dinge nicht wirklich braucht)<\/li>\n<\/ol>\n<p>&#8212;-<\/p>\n<p>&#8222;<em>Euphemismen<\/em>&#8220; nennt man Spr\u00fcche die ein Elend sch\u00f6ner beschreiben als es ist. Hier einige Beispiele:<\/p>\n<p>&#8222;Serielle Monogamie&#8220; statt &#8222;Lebensabschnittspartnerschaft&#8220;, &#8222;Durch Alkohol angeheiterter Autofahrer&#8220; statt &#8222;S\u00e4ufer am Steuer&#8220;, &#8222;Bis zur Verantwortungslosigkeit ver\u00e4rgerter (betrogener) Ehemann&#8220; statt &#8222;M\u00f6rder&#8220;<\/p>\n<p>Ist unsere Sprache nicht sch\u00f6n? Man kann jede L\u00fcge sch\u00f6n verpacken!<\/p>\n<p>(<em>Apropos &#8222;seriell&#8220;: gibt es etwa eine &#8222;parallele Monogamie&#8220;? Und wenn ja, wie ist sie dann zu verstehen? Ist Monogamie nicht an sich kontradiktorisch (entweder lebt man monogam oder nicht)? Gibt es noch weitere Arten der Monogamie (vielleicht: berufliche, private, \u00f6ffentliche etc)?<\/em>)<\/p>\n<p>&#8212;-<\/p>\n<p>&#8222;Einige kriegen jedes Jahr dasselbe zum Geburtstag: eine Depression.&#8220;<\/p>\n<p>&#8212;-<\/p>\n<p>Der Glaube des postmodernen Menschen: &#8222;Ich glaube jedem alles aber nie verbindlich.&#8220;<\/p>\n<p>&#8212;-<\/p>\n<p>Auch die autonome Moral Kants und sein kategorischer Imperativ sind zwar allgemeing\u00fcltig, aber nicht immer im selben Sinne:<\/p>\n<p>&#8222;Handle so, dass du die Menschheit &#8230; immer als Ziel und nicht blo\u00df als Mittel brauchst&#8220;<\/p>\n<p>&#8230;im Falle eines Selbstmord-Attent\u00e4ters scheint sie jedenfalls an der Allgemeing\u00fcltigkeit einzub\u00fc\u00dfen.<\/p>\n<p>&#8212;-<\/p>\n<p>Englisch w\u00e4re einfach&#8230; glaubt man im Allgemeinen. Doch auch die Allgemeinheit kann irren. Hier einige Beispiele aus &#8222;<a title=\"22 Reasons Why English is Hard to Learn!\" href=\"http:\/\/www.i18nguy.com\/english-is-tough.html\" target=\"_blank\" rel=\"noopener\">English is difficult.<\/a>&#8222;<\/p>\n<ul>\n<li>&#8222;They were too close to the door to close it.&#8220;<\/li>\n<li>&#8222;The dump was so full that it had to refuse more refuse.&#8220;<\/li>\n<li>&#8222;If a vegetarian eats vegetables, what does a humanitarian eat?&#8220;<\/li>\n<li>&#8230;und mein absoluter Favorit unter den Paradoxa der &#8222;Business- und Informatikersprache&#8220;: &#8222;Why can quicksand work slowly?&#8220;<\/li>\n<\/ul>\n<p>&#8212;-<\/p>\n<p>Ein echter Mac-Fan (ist sich f\u00fcr nichts zu schade):<\/p>\n<p>&#8211;\u00a0 &#8222;Ich stand f\u00fcr mein iP*** die ganze Nacht an. Bin unausgeschlafen aber gl\u00fccklich&#8230;&#8220;<br \/>&#8211;\u00a0 &#8222;Und wo hast du es gekauft?&#8220;<br \/>&#8211;\u00a0 &#8222;Im AppleStore im Internet.&#8220;<\/p>\n<p>&#8212;-<\/p>\n<p>Fragen, auf die auch Facebook keine Antwort hat:<\/p>\n<ul>\n<li>Warum soll ich mit meiner Mutter befreundet sein wollen?<\/li>\n<li>Warum soll ich meine Frau in meinem Profil zu meiner Frau machen? (Habe ich es nicht schon in der Kirche und auf&#8217;m Standesamt?)<\/li>\n<li>Wozu braucht man Facebook? (Was nicht schon sonst wie ginge)<\/li>\n<li>Wie bekomme ich den <a title=\"Deine Daten geh\u00f6ren uns!\" href=\"http:\/\/netzpolitik.org\/2011\/facebook-deine-daten-gehoren-uns-wirklich\/\" target=\"_blank\" rel=\"noopener\">Abzug ALLER meiner Aktivit\u00e4ten im Facebook<\/a>?<\/li>\n<li>Soll man Facebook auch dann &#8222;soziales Netzwerk&#8220; nennen, wenn es sich asozial verhielte?<\/li>\n<li>Wie l\u00f6sche ich mein Konto mit einem Klick?<\/li>\n<li>Ist die Liste der im Profil w\u00e4hlbaren Gender nun endlich vollst\u00e4ndig oder muss man noch auf die weiteren Hundert warten?<\/li>\n<\/ul>\n\n\n<p>W\u00e4hrend eines Vortrags in Philosophie (Kant): &#8222;Es sind die existenziellen Fragen, die uns besch\u00e4ftigen werden: Wer bin ich? Woher komme ich? Wo geht&#8217;s hier zur Toilette?&#8220;<\/p>\n<!-- PMB print buttons is only displayed on a single post\/page URLs-->","protected":false},"excerpt":{"rendered":"<p>Ein ziemlich junger Kerl (so 2 Jahre alt) hat unbewusst meinen Namen zum Programm dieser Seite gemacht. Deshalb m\u00f6chte ich die &#8222;allerbesten&#8220; St\u00fccke (auch fremde) hier zusammenbringen. Es handelt sich hierbei um echten Quatsch! &#8212;- Was ist Social-Mailing? Du schreibst eine E-Mail und deine Freundin liest dabei mit ;-) &#8212;- Die Trag\u00f6die der M\u00e4nner besteht [&hellip;]<\/p>\n","protected":false},"author":2,"featured_media":0,"parent":211,"menu_order":0,"comment_status":"open","ping_status":"open","template":"","meta":{"_sitemap_exclude":false,"_sitemap_priority":"","_sitemap_frequency":"","ocean_post_layout":"","ocean_both_sidebars_style":"","ocean_both_sidebars_content_width":0,"ocean_both_sidebars_sidebars_width":0,"ocean_sidebar":"","ocean_second_sidebar":"","ocean_disable_margins":"enable","ocean_add_body_class":"","ocean_shortcode_before_top_bar":"","ocean_shortcode_after_top_bar":"","ocean_shortcode_before_header":"","ocean_shortcode_after_header":"","ocean_has_shortcode":"","ocean_shortcode_after_title":"","ocean_shortcode_before_footer_widgets":"","ocean_shortcode_after_footer_widgets":"","ocean_shortcode_before_footer_bottom":"","ocean_shortcode_after_footer_bottom":"","ocean_display_top_bar":"default","ocean_display_header":"default","ocean_header_style":"","ocean_center_header_left_menu":"","ocean_custom_header_template":"","ocean_custom_logo":0,"ocean_custom_retina_logo":0,"ocean_custom_logo_max_width":0,"ocean_custom_logo_tablet_max_width":0,"ocean_custom_logo_mobile_max_width":0,"ocean_custom_logo_max_height":0,"ocean_custom_logo_tablet_max_height":0,"ocean_custom_logo_mobile_max_height":0,"ocean_header_custom_menu":"","ocean_menu_typo_font_family":"","ocean_menu_typo_font_subset":"","ocean_menu_typo_font_size":0,"ocean_menu_typo_font_size_tablet":0,"ocean_menu_typo_font_size_mobile":0,"ocean_menu_typo_font_size_unit":"px","ocean_menu_typo_font_weight":"","ocean_menu_typo_font_weight_tablet":"","ocean_menu_typo_font_weight_mobile":"","ocean_menu_typo_transform":"","ocean_menu_typo_transform_tablet":"","ocean_menu_typo_transform_mobile":"","ocean_menu_typo_line_height":0,"ocean_menu_typo_line_height_tablet":0,"ocean_menu_typo_line_height_mobile":0,"ocean_menu_typo_line_height_unit":"","ocean_menu_typo_spacing":0,"ocean_menu_typo_spacing_tablet":0,"ocean_menu_typo_spacing_mobile":0,"ocean_menu_typo_spacing_unit":"","ocean_menu_link_color":"","ocean_menu_link_color_hover":"","ocean_menu_link_color_active":"","ocean_menu_link_background":"","ocean_menu_link_hover_background":"","ocean_menu_link_active_background":"","ocean_menu_social_links_bg":"","ocean_menu_social_hover_links_bg":"","ocean_menu_social_links_color":"","ocean_menu_social_hover_links_color":"","ocean_disable_title":"default","ocean_disable_heading":"default","ocean_post_title":"","ocean_post_subheading":"","ocean_post_title_style":"","ocean_post_title_background_color":"","ocean_post_title_background":0,"ocean_post_title_bg_image_position":"","ocean_post_title_bg_image_attachment":"","ocean_post_title_bg_image_repeat":"","ocean_post_title_bg_image_size":"","ocean_post_title_height":0,"ocean_post_title_bg_overlay":0.5,"ocean_post_title_bg_overlay_color":"","ocean_disable_breadcrumbs":"default","ocean_breadcrumbs_color":"","ocean_breadcrumbs_separator_color":"","ocean_breadcrumbs_links_color":"","ocean_breadcrumbs_links_hover_color":"","ocean_display_footer_widgets":"default","ocean_display_footer_bottom":"default","ocean_custom_footer_template":"","footnotes":""},"categories":[],"tags":[67],"class_list":["post-381","page","type-page","status-publish","hentry","tag-lustig","entry"],"_links":{"self":[{"href":"https:\/\/blog.kolatzek.org\/wblog\/wp-json\/wp\/v2\/pages\/381","targetHints":{"allow":["GET"]}}],"collection":[{"href":"https:\/\/blog.kolatzek.org\/wblog\/wp-json\/wp\/v2\/pages"}],"about":[{"href":"https:\/\/blog.kolatzek.org\/wblog\/wp-json\/wp\/v2\/types\/page"}],"author":[{"embeddable":true,"href":"https:\/\/blog.kolatzek.org\/wblog\/wp-json\/wp\/v2\/users\/2"}],"replies":[{"embeddable":true,"href":"https:\/\/blog.kolatzek.org\/wblog\/wp-json\/wp\/v2\/comments?post=381"}],"version-history":[{"count":1,"href":"https:\/\/blog.kolatzek.org\/wblog\/wp-json\/wp\/v2\/pages\/381\/revisions"}],"predecessor-version":[{"id":1548,"href":"https:\/\/blog.kolatzek.org\/wblog\/wp-json\/wp\/v2\/pages\/381\/revisions\/1548"}],"up":[{"embeddable":true,"href":"https:\/\/blog.kolatzek.org\/wblog\/wp-json\/wp\/v2\/pages\/211"}],"wp:attachment":[{"href":"https:\/\/blog.kolatzek.org\/wblog\/wp-json\/wp\/v2\/media?parent=381"}],"wp:term":[{"taxonomy":"category","embeddable":true,"href":"https:\/\/blog.kolatzek.org\/wblog\/wp-json\/wp\/v2\/categories?post=381"},{"taxonomy":"post_tag","embeddable":true,"href":"https:\/\/blog.kolatzek.org\/wblog\/wp-json\/wp\/v2\/tags?post=381"}],"curies":[{"name":"wp","href":"https:\/\/api.w.org\/{rel}","templated":true}]}}