{"id":211,"date":"2008-11-16T11:11:24","date_gmt":"2008-11-16T09:11:24","guid":{"rendered":"http:\/\/robert.kolatzek.org\/wblog\/?page_id=211"},"modified":"2008-11-16T11:11:24","modified_gmt":"2008-11-16T09:11:24","slug":"sinn-sucht-verstand","status":"publish","type":"page","link":"https:\/\/blog.kolatzek.org\/wblog\/sinn-sucht-verstand","title":{"rendered":"Sinn sucht Verstand"},"content":{"rendered":"<h2 style=\"text-align: center\">Anekdoten vom Arbeitsplatz<\/h2>\n<address style=\"text-align: center\">Unter dem Motto: &#8222;Lache, wenn es nicht zum Weinen reicht&#8220; m\u00f6chte ich hier die besten Spr\u00fcche der Allgemeinheit pr\u00e4sentieren. Ich habe sie seit Jahren gesammelt, jetzt sollen sie dem Leser ein Schmunzeln auf sein Gesicht zaubern. Alle Personen, Orte und Firmen, die sich der Leser dahinter vorstellt sind NUR SEINE DEUTUNG!<br \/>\n<\/address>\n<address style=\"text-align: center\"> <\/address>\n<address> <\/address>\n<p style=\"text-align: left\"><em>Aus einer Email an die Kunden:<\/em><br \/>\n&#8222;Geehrte Kunden! Mit Hochdruck arbeiten wir am Worakround f\u00fcr das Workaround von letzter Woche&#8230;&#8220;<br \/>\n<em>Das englische Wort &#8222;Workaround&#8220; bedeutet so viel wie &#8222;Notl\u00f6sung&#8220;. In diesem Wissen lesen Sie bitte den Text noch einmal.<\/em><\/p>\n<address style=\"text-align: left\"> <\/address>\n<address style=\"text-align: left\">&#8212;&#8211;<\/address>\n<address style=\"text-align: left\"> <\/address>\n<p style=\"text-align: left\"><em>Am Telefon beschwert sich eine Kundin:<\/em><br \/>\n&#8211; &#8222;Bla&#8230; Bla&#8230; Bla&#8230; Ich bin die XXX-Bibliothek. Sie m\u00fcssen mich fragen, niemanden sonst!&#8220;<br \/>\n<em>Ich daraf:<\/em><br \/>\n&#8211; &#8222;Jahwohl Frau XXX-Bibliothek!&#8220;<\/p>\n<p style=\"text-align: left\">&#8212;-<\/p>\n<p style=\"text-align: left\"><em>Ein Kirchenmusiker (Organist) beschwert sich beim Pfarrer \u00fcber die Gemeinde:<\/em><\/p>\n<p style=\"text-align: left\">&#8222;Es ist egal welche Register ich benutzte. Ich werde immer zu laut spielen. &#8230; Zumindest so lange alle Gotteslob-B\u00fccher in den H\u00e4nden deren landen, die zwar immer reingucken aber nie mitsingen!&#8220;<\/p>\n<p style=\"text-align: left\">&#8212;-<\/p>\n<p style=\"text-align: left\"><em>Die letzten Worte eines Administrators?<\/em><\/p>\n<p style=\"text-align: left\">&#8222;So&#8230; Die Konfiguration gespeichert. Jetzt nur noch ein Restart.&#8220;<\/p>\n<p style=\"text-align: left\">&#8212;-<\/p>\n<p style=\"text-align: left\"><em>Die Pfarrer (weil sie unverheiratet sind?) verf\u00fcgen \u00fcber den besten Sinn f\u00fcr Humor. Hier ein Satz aus einer Predigt, in welcher ironisch der Zusammenhang zwischen der \u00fcbertriebener Sparsamkeit (Geiz) der Zuh\u00f6rer und der Armut in den Herstellungsl\u00e4ndern sowie der Unterschied zwischen sozialer Verantwortung und <a class=\"wp-caption\" title=\"Was ist Jovialit\u00e4t?\" href=\"http:\/\/de.wikipedia.org\/wiki\/Jovialit%C3%A4t\" target=\"_blank\">Jovialit\u00e4t<\/a> aufgezeigt werden sollte:<\/em><\/p>\n<p style=\"text-align: left\">&#8222;Ich kaufe heute im Supermarkt eine Tafel fair gehandelter Schokolade. Mal sehen ob es morgen der Dritten Welt besser geht!&#8220;<\/p>\n<p style=\"text-align: left\">&#8212;-<\/p>\n<p style=\"text-align: left\"><em>Ein abgelehntes Inserat:<\/em><\/p>\n<p style=\"text-align: left\">&#8222;Tausche einen Innenminister gegen zwei Guantanamo-H\u00e4ftlinge (k\u00f6nnen Schwerverbrecher sein), um die durchschnittliche Grundgesetzkonformit\u00e4t des Landes zu erh\u00f6hen.&#8220;<\/p>\n<p style=\"text-align: left\">&#8212;-<\/p>\n<p style=\"text-align: left\"><em>Wie Informatiker Inflation vorbeugen:<\/em><\/p>\n<pre><a title=\"Die ulkigsten Kommentare\/Dokumentation im Quellcode\" href=\"http:\/\/stackoverflow.com\/questions\/184618\/what-is-the-best-comment-in-source-code-you-have-ever-encountered\" target=\"_blank\">const int TEN=10; \/\/ As if the value of 10 will fluctuate...<\/a><\/pre>\n<p style=\"margin: 0px;text-indent: 0px\"><!--EndFragment--><\/p>\n<p style=\"text-align: left\"><em>Die Informatiker deuten die Bibel:<\/em><\/p>\n<pre class=\"prettyprint\"><code>&lt;span class=\"kwd\"&gt;last&lt;\/span&gt;&lt;span class=\"pln\"&gt; &lt;\/span&gt;&lt;span class=\"pun\"&gt;=&lt;\/span&gt;&lt;span class=\"pln\"&gt; first&lt;\/span&gt;&lt;span class=\"pun\"&gt;;&lt;\/span&gt;&lt;span class=\"pln\"&gt; &lt;\/span&gt;&lt;span class=\"com\"&gt;\/* Biblical reference *&lt;\/span&gt;&lt;span class=\"pln\"&gt;\/\n&lt;\/span&gt;<\/code><\/pre>\n<p style=\"text-align: left\">&#8212;-<\/p>\n<p style=\"text-align: left\">&#8222;Ach! Sie haben Computer&#8230;&#8220; <em>sagte der G-E-Zet<\/em><em>-Mann<\/em><em> (Gemeiner Ekliger Zutr\u00e4ger)<\/em><\/p>\n<p style=\"text-align: left\"><em>&#8218;Der Auszubeutende&#8216;: <\/em>&#8222;Kennen sie den Unterschied zwischen G-E-Zet und einem B\u00e4cker? Bei einem B\u00e4cker, wenn sie morgens Br\u00f6tchen holen gehen, dann m\u00fcssen sie auch die bezahlen. Bei G-E-Zet bezahlen sie Br\u00f6tchen, auch wenn sie nur die Bild-Zeitung haben wollten.&#8220;<\/p>\n<p style=\"text-align: left\"><em>Kurze Erkl\u00e4rung: Wer diesen <a title=\"Spot, Werbung, Gezet, g e z\" href=\"http:\/\/www.youtube.com\/watch?v=T7hpR4xWf3U\">Kalkofes-Spott \u00fcber G E Z<\/a> gesehen hat, wei\u00df worum es geht. Es ist eben nicht einfach, ein <\/em><em>Gemeiner Ekliger Zutr\u00e4ger zu sein und gegen jeden Sinn anzuk\u00e4mpfen&#8230; ;-)<\/em><\/p>\n<p style=\"text-align: left\">&#8212;-<\/p>\n<ul>\n<li>Wenn Sie jemandem sagen, was er h\u00f6ren will, dann sind sie ein Psychologe.<\/li>\n<li>Wenn Sie jemandem sagen, was die anderen \u00fcber ihn sagen, dann sind sie ein Soziologe.<\/li>\n<li>Wenn Sie jemandem sagen, wie es wirklich ist, dann sind sie Philosoph.<\/li>\n<li>Wenn Sie jemandem sagen, wie es wirklich ist und glauben fest daran, dass es nicht anders sein kann, dann sind sie Theologe.<\/li>\n<\/ul>\n<p>Und was sind Sie von Beruf?<\/p>\n<p style=\"text-align: left\">&#8212;-<\/p>\n<p style=\"text-align: left\">Ab wann gilt ein Software-Projekt als gescheitert?<\/p>\n<p style=\"text-align: left\">Wenn\u00a0 jemand sagt: &#8222;Fass es blo\u00df nicht an! Es l\u00e4uft, aber keiner wei\u00df wie und warum&#8230;&#8220;<\/p>\n<p style=\"text-align: left\">&#8212;-<\/p>\n<p style=\"text-align: left\"><em>Der &#8222;Lob&#8220; der Mainstreamliebhaber:<\/em><\/p>\n<p style=\"text-align: left\">&#8222;Nur tote Fische schwimmen mit dem Strom&#8220;<\/p>\n<p style=\"text-align: left\"><em>Joseph Card. Ratzinger<\/em><\/p>\n<p style=\"text-align: left\">&#8212;-<\/p>\n<p style=\"text-align: left\"><em>Die erste Regel beim Aufbau einer Projektinfrastruktur: Die Kosten m\u00fcssen h\u00f6her sein als der Nutzen! <\/em><\/p>\n<p style=\"text-align: left\"><em>Oder anders gesagt:<br \/>\n<\/em><\/p>\n<p style=\"text-align: left\">&#8222;Projektmanagementsoftware, die nicht so teuer war, dass der Chef selbst im Netz nach einer g\u00fcnstigeren Alternative gegoogelt hat, wird er auch nicht benutzen.&#8220;<\/p>\n<p style=\"text-align: left\">&#8212;-<\/p>\n<p>Facebook-Neuling stellt entr\u00fcstet fest: &#8222;<em>Wenn ich auf &#8218;\u00c4ltere  Beitr\u00e4ge&#8216; klicke, werden mir die Fotos von gestern angezeigt. Wollen die  mich verar&#8230;.??<\/em>&#8220;<\/p>\n<p>&#8222;<em>&#8230;Wo er Recht hat, da hat er Recht.<\/em>&#8220; Antwortet darauf der Archivar.<\/p>\n<p style=\"text-align: left\">&#8212;-<\/p>\n<p style=\"text-align: left\">D\u00fcrfen die Call-Center-Agents w\u00e4hrend der Arbeitszeit auch nach Hause telefonieren?<\/p>\n<p style=\"text-align: left\">Ja, wenn sie sich dabei was verkaufen.<\/p>\n<p style=\"text-align: left\">&#8212;-<\/p>\n<p style=\"text-align: left\">&#8222;Die Schichtarbeit werkt\u00e4tiger M\u00fctter l\u00e4sst die kinderlos-gl\u00fccklichen gr\u00fc\u00dfen.&#8220;<\/p>\n<p style=\"text-align: left\">&#8212;-<\/p>\n<p style=\"text-align: left\">Fortsetzung folgt (unvermeidbar)&#8230;<\/p>\n<!-- PMB print buttons is only displayed on a single post\/page URLs-->","protected":false},"excerpt":{"rendered":"<p>Anekdoten vom Arbeitsplatz Unter dem Motto: &#8222;Lache, wenn es nicht zum Weinen reicht&#8220; m\u00f6chte ich hier die besten Spr\u00fcche der Allgemeinheit pr\u00e4sentieren. Ich habe sie seit Jahren gesammelt, jetzt sollen sie dem Leser ein Schmunzeln auf sein Gesicht zaubern. Alle Personen, Orte und Firmen, die sich der Leser dahinter vorstellt sind NUR SEINE DEUTUNG! Aus [&hellip;]<\/p>\n","protected":false},"author":2,"featured_media":0,"parent":0,"menu_order":0,"comment_status":"open","ping_status":"open","template":"","meta":{"_sitemap_exclude":false,"_sitemap_priority":"","_sitemap_frequency":"","ocean_post_layout":"","ocean_both_sidebars_style":"","ocean_both_sidebars_content_width":0,"ocean_both_sidebars_sidebars_width":0,"ocean_sidebar":"","ocean_second_sidebar":"","ocean_disable_margins":"enable","ocean_add_body_class":"","ocean_shortcode_before_top_bar":"","ocean_shortcode_after_top_bar":"","ocean_shortcode_before_header":"","ocean_shortcode_after_header":"","ocean_has_shortcode":"","ocean_shortcode_after_title":"","ocean_shortcode_before_footer_widgets":"","ocean_shortcode_after_footer_widgets":"","ocean_shortcode_before_footer_bottom":"","ocean_shortcode_after_footer_bottom":"","ocean_display_top_bar":"default","ocean_display_header":"default","ocean_header_style":"","ocean_center_header_left_menu":"","ocean_custom_header_template":"","ocean_custom_logo":0,"ocean_custom_retina_logo":0,"ocean_custom_logo_max_width":0,"ocean_custom_logo_tablet_max_width":0,"ocean_custom_logo_mobile_max_width":0,"ocean_custom_logo_max_height":0,"ocean_custom_logo_tablet_max_height":0,"ocean_custom_logo_mobile_max_height":0,"ocean_header_custom_menu":"","ocean_menu_typo_font_family":"","ocean_menu_typo_font_subset":"","ocean_menu_typo_font_size":0,"ocean_menu_typo_font_size_tablet":0,"ocean_menu_typo_font_size_mobile":0,"ocean_menu_typo_font_size_unit":"px","ocean_menu_typo_font_weight":"","ocean_menu_typo_font_weight_tablet":"","ocean_menu_typo_font_weight_mobile":"","ocean_menu_typo_transform":"","ocean_menu_typo_transform_tablet":"","ocean_menu_typo_transform_mobile":"","ocean_menu_typo_line_height":0,"ocean_menu_typo_line_height_tablet":0,"ocean_menu_typo_line_height_mobile":0,"ocean_menu_typo_line_height_unit":"","ocean_menu_typo_spacing":0,"ocean_menu_typo_spacing_tablet":0,"ocean_menu_typo_spacing_mobile":0,"ocean_menu_typo_spacing_unit":"","ocean_menu_link_color":"","ocean_menu_link_color_hover":"","ocean_menu_link_color_active":"","ocean_menu_link_background":"","ocean_menu_link_hover_background":"","ocean_menu_link_active_background":"","ocean_menu_social_links_bg":"","ocean_menu_social_hover_links_bg":"","ocean_menu_social_links_color":"","ocean_menu_social_hover_links_color":"","ocean_disable_title":"default","ocean_disable_heading":"default","ocean_post_title":"","ocean_post_subheading":"","ocean_post_title_style":"","ocean_post_title_background_color":"","ocean_post_title_background":0,"ocean_post_title_bg_image_position":"","ocean_post_title_bg_image_attachment":"","ocean_post_title_bg_image_repeat":"","ocean_post_title_bg_image_size":"","ocean_post_title_height":0,"ocean_post_title_bg_overlay":0.5,"ocean_post_title_bg_overlay_color":"","ocean_disable_breadcrumbs":"default","ocean_breadcrumbs_color":"","ocean_breadcrumbs_separator_color":"","ocean_breadcrumbs_links_color":"","ocean_breadcrumbs_links_hover_color":"","ocean_display_footer_widgets":"default","ocean_display_footer_bottom":"default","ocean_custom_footer_template":"","footnotes":""},"categories":[],"tags":[12,60,67],"class_list":["post-211","page","type-page","status-publish","hentry","tag-arbeit","tag-komisch","tag-lustig","entry"],"_links":{"self":[{"href":"https:\/\/blog.kolatzek.org\/wblog\/wp-json\/wp\/v2\/pages\/211","targetHints":{"allow":["GET"]}}],"collection":[{"href":"https:\/\/blog.kolatzek.org\/wblog\/wp-json\/wp\/v2\/pages"}],"about":[{"href":"https:\/\/blog.kolatzek.org\/wblog\/wp-json\/wp\/v2\/types\/page"}],"author":[{"embeddable":true,"href":"https:\/\/blog.kolatzek.org\/wblog\/wp-json\/wp\/v2\/users\/2"}],"replies":[{"embeddable":true,"href":"https:\/\/blog.kolatzek.org\/wblog\/wp-json\/wp\/v2\/comments?post=211"}],"version-history":[{"count":0,"href":"https:\/\/blog.kolatzek.org\/wblog\/wp-json\/wp\/v2\/pages\/211\/revisions"}],"wp:attachment":[{"href":"https:\/\/blog.kolatzek.org\/wblog\/wp-json\/wp\/v2\/media?parent=211"}],"wp:term":[{"taxonomy":"category","embeddable":true,"href":"https:\/\/blog.kolatzek.org\/wblog\/wp-json\/wp\/v2\/categories?post=211"},{"taxonomy":"post_tag","embeddable":true,"href":"https:\/\/blog.kolatzek.org\/wblog\/wp-json\/wp\/v2\/tags?post=211"}],"curies":[{"name":"wp","href":"https:\/\/api.w.org\/{rel}","templated":true}]}}